{"id":54,"date":"2018-01-05T18:35:23","date_gmt":"2018-01-05T18:35:23","guid":{"rendered":"http:\/\/www.cigelski.com\/sophia\/?page_id=54"},"modified":"2021-01-06T23:18:43","modified_gmt":"2021-01-06T22:18:43","slug":"willkommen","status":"publish","type":"page","link":"http:\/\/www.cigelski.com\/","title":{"rendered":"Willkommen auf der Website der Praxis f\u00fcr Psychotherapie in M\u00fcnster von Sophia Cigelski"},"content":{"rendered":"<p><span style=\"font-weight: 400;\">Ich freue mich, Sie auf der Internetseite meiner Praxis f\u00fcr Psychotherapie in M\u00fcnster begr\u00fc\u00dfen zu d\u00fcrfen.<\/span> <span style=\"font-weight: 400;\">Auf den folgenden Seiten finden Sie Informationen \u00fcber meine therapeutischen Angebote, meine Arbeit als Supervisiorin und mein Fortbildungsangebot. Klicken Sie dazu einfach auf die jeweiligen Reiter im oberen Men\u00fc. Falls Sie Fragen haben, oder einen Termin w\u00fcnschen, nehme Sie bitte <\/span><strong><a href=\"http:\/\/www.cigelski.com\/sophia\/?page_id=12\" target=\"_blank\" rel=\"noopener\">Kontakt<\/a><\/strong><span style=\"font-weight: 400;\"> zu mir auf.<\/span><\/p>\n<h1><strong>Praxis f\u00fcr Psychotherapie<\/strong><\/h1>\n<h4><strong>Sophia Cigelski<img loading=\"lazy\" class=\" wp-image-159 alignright\" src=\"http:\/\/www.cigelski.com\/sophia\/wp-content\/uploads\/2018\/01\/sophiacigelski-211x300.jpg\" alt=\"\" width=\"141\" height=\"200\" srcset=\"http:\/\/www.cigelski.com\/sophia\/wp-content\/uploads\/2018\/01\/sophiacigelski-211x300.jpg 211w, http:\/\/www.cigelski.com\/sophia\/wp-content\/uploads\/2018\/01\/sophiacigelski.jpg 300w\" sizes=\"(max-width: 141px) 100vw, 141px\" \/><\/strong><\/h4>\n<p><strong><em>Psychologische Psychotherapeutin&nbsp;<\/em><\/strong><\/p>\n<p><span style=\"font-weight: 400;\">Fon: 0251-6744680<\/span><\/p>\n<p><span style=\"font-weight: 400;\">E-Mail: <\/span><a href=\"mailto:info@cigelski.com\"><span style=\"font-weight: 400;\">info@cigelski.com<\/span><\/a><\/p>\n<p><span style=\"font-weight: 400;\">Hafenweg 26 b, 48155 M\u00fcnster<\/span><\/p>\n<p><span style=\"font-weight: 400;\">Fax: 0251-6744681<\/span><\/p>\n","protected":false},"excerpt":{"rendered":"<p>Ich freue mich, Sie auf der Internetseite meiner Praxis f\u00fcr Psychotherapie in M\u00fcnster begr\u00fc\u00dfen zu d\u00fcrfen. Auf den folgenden Seiten finden Sie Informationen \u00fcber meine therapeutischen Angebote, meine Arbeit als Supervisiorin und mein Fortbildungsangebot. Klicken Sie dazu einfach auf die&hellip; <\/p>\n","protected":false},"author":1,"featured_media":0,"parent":0,"menu_order":0,"comment_status":"closed","ping_status":"closed","template":"","meta":[],"_links":{"self":[{"href":"http:\/\/www.cigelski.com\/index.php?rest_route=\/wp\/v2\/pages\/54"}],"collection":[{"href":"http:\/\/www.cigelski.com\/index.php?rest_route=\/wp\/v2\/pages"}],"about":[{"href":"http:\/\/www.cigelski.com\/index.php?rest_route=\/wp\/v2\/types\/page"}],"author":[{"embeddable":true,"href":"http:\/\/www.cigelski.com\/index.php?rest_route=\/wp\/v2\/users\/1"}],"replies":[{"embeddable":true,"href":"http:\/\/www.cigelski.com\/index.php?rest_route=%2Fwp%2Fv2%2Fcomments&post=54"}],"version-history":[{"count":16,"href":"http:\/\/www.cigelski.com\/index.php?rest_route=\/wp\/v2\/pages\/54\/revisions"}],"predecessor-version":[{"id":219,"href":"http:\/\/www.cigelski.com\/index.php?rest_route=\/wp\/v2\/pages\/54\/revisions\/219"}],"wp:attachment":[{"href":"http:\/\/www.cigelski.com\/index.php?rest_route=%2Fwp%2Fv2%2Fmedia&parent=54"}],"curies":[{"name":"wp","href":"https:\/\/api.w.org\/{rel}","templated":true}]}}