{"id":6,"date":"2018-01-05T18:00:06","date_gmt":"2018-01-05T18:00:06","guid":{"rendered":"http:\/\/www.cigelski.com\/sophia\/?page_id=6"},"modified":"2024-02-22T12:56:48","modified_gmt":"2024-02-22T11:56:48","slug":"psychotherapie","status":"publish","type":"page","link":"http:\/\/www.cigelski.com\/?page_id=6","title":{"rendered":"Psychotherapie"},"content":{"rendered":"<p><!--more--><\/p>\n<h1><strong>Alle psychische St\u00f6rungsbilder &#8211; Schwerpunkte:<\/strong><\/h1>\n<ul>\n<li>Depressive St\u00f6rungen<img loading=\"lazy\" class=\"size-medium wp-image-177 alignright\" src=\"http:\/\/www.cigelski.com\/sophia\/wp-content\/uploads\/2018\/01\/IMG_0685-1024x768-300x225.jpg\" alt=\"\" width=\"300\" height=\"225\" srcset=\"http:\/\/www.cigelski.com\/sophia\/wp-content\/uploads\/2018\/01\/IMG_0685-1024x768-300x225.jpg 300w, http:\/\/www.cigelski.com\/sophia\/wp-content\/uploads\/2018\/01\/IMG_0685-1024x768-768x576.jpg 768w, http:\/\/www.cigelski.com\/sophia\/wp-content\/uploads\/2018\/01\/IMG_0685-1024x768.jpg 1024w\" sizes=\"(max-width: 300px) 100vw, 300px\" \/><\/li>\n<li>\u00c4ngste und Phobien, z.B. Panikst\u00f6rung, Agoraphobie, soziale \u00c4ngste, \u00fcberm\u00e4\u00dfiges Sorgen<\/li>\n<li>Belastungs- und Stressreaktionen auf schwerwiegende Belastungen<\/li>\n<li>Psychosomatische Erkrankungen<\/li>\n<li>Chronischer Schmerz<\/li>\n<li>Pers\u00f6nlichkeits- und Interaktionsst\u00f6rungen<\/li>\n<li>Partnerschaftsprobleme<\/li>\n<li>Trauerreaktionen<\/li>\n<li>Akute Traumafolgest\u00f6rungen<\/li>\n<li>Posttraumatische Belastungsst\u00f6rungen<\/li>\n<li>Dissoziative St\u00f6rungen<\/li>\n<\/ul>\n<p>\u00dcber formale Aspekte der Durchf\u00fchrung einer Psychotherapie informieren Sie sich bitte <a href=\"http:\/\/www.bptk.de\/patienten\/wege-zur-psychotherapie\/was-passiert-in-einer-psychotherapie.html\" target=\"_blank\" rel=\"noopener\">hier<\/a>.<\/p>\n<hr \/>\n<h1><strong>Kosten\u00fcbernahme &amp; Abrechnung<\/strong><\/h1>\n<ul>\n<li style=\"text-align: left;\">Die Kosten\u00fcbernahme f\u00fcr Psychotherapie durch eine private Krankenversicherung ist von den Rahmenbedingungen des jeweiligen Vertrags abh\u00e4ngig, den Sie mit Ihrer Krankenkasse geschlossen haben. Bitte erkundigen Sie sich im Vorfeld bei Ihrer Krankenversicherung, welche Bedingungen auf Sie zutreffen. Gerne unterst\u00fctzte ich Sie dabei.<\/li>\n<li>Die jeweilige Beihilfestelle ist zur Kosten\u00fcbernahme f\u00fcr eine Psychotherapie beim Vorliegen einer begr\u00fcndeten Diagnose verpflichtet. Nach f\u00fcnf probatorischen Sitzungen wird ein Antrag auf Kosten\u00fcbernahme gestellt. Seit dem 01.04.2023 sind Kurzzeitherapien (24 Sitzungen) ohne Gutachterantrag beihilfef\u00e4hig. Bitte wenden Sie sich an Ihre zust\u00e4ndige Beihilfestelle.<\/li>\n<li style=\"text-align: left;\">In Einzelf\u00e4llen kommt auch eine Finanzierung durch Berufsgenossenschaften oder Unfallversicherungen in Frage.<\/li>\n<li style=\"text-align: left;\">Da ich eine Privatpraxis f\u00fchre, besteht keine Abrechnungsm\u00f6glichkeit mit den gesetzlichen Krankenkassen.<\/li>\n<\/ul>\n<hr \/>\n<h1><strong>Verhaltenstherapie<\/strong><\/h1>\n<p>Ich arbeite mit dem Repertoire der <strong>modernen Verhaltenstherapie mit biographisch-systemischem Schwerpunkt, wobei die Lebensgeschichte und die aktuellen Lebenskontexte, sowohl im St\u00f6rungsverst\u00e4ndnis, als auch in der Psychotherapie eine zentrale Rolle spielen.<\/strong><\/p>\n<h4>Eigener Experte werden<\/h4>\n<p>Die Verhaltenstherapie ist eine wissenschaftlich fundierte therapeutische Methode, die sich mit unterschiedlichsten Problemen von Menschen und deren L\u00f6sungsm\u00f6glichkeiten besch\u00e4ftigt. Ziel einer Therapie ist es, gemeinsam mit Ihnen L\u00f6sungswege zu erarbeiten, sodass Sie zum <strong><em>\u201eExperten\u201d<\/em><\/strong> Ihrer eigenen Problemsituation und deren Bew\u00e4ltigungsm\u00f6glichkeiten werden. Zur Unterst\u00fctzung bei der Erreichung gemeinsam gesetzter Ziele werden verschiedene Methoden eingesetzt. Zun\u00e4chst im gesch\u00fctzten Raum der Therapie und sp\u00e4ter im allt\u00e4glichen Leben k\u00f6nnen Sie so neue Denk- und Verhaltensweisen ausprobieren.<\/p>\n<h4>Was bedeutet das Wort \u201eVerhaltens\u201c-Therapie?<\/h4>\n<p>Die Verhaltenstherapie verwendet den Begriff des \u201eVerhaltens\u201d umfassend, d.h. als Bezeichnung f\u00fcr die Art und Weise unseres Denkens, Empfindens und Handelns, aber auch der k\u00f6rperlichen Prozesse. Verhaltenstherapeuten gehen davon aus, dass dieses Verhalten zu einem gro\u00dfen Teil von Lernvorg\u00e4ngen gepr\u00e4gt ist. Auch psychische St\u00f6rungen k\u00f6nnen als <strong><em>Folge ung\u00fcnstiger oder belastender Lernerfahrungen<\/em><\/strong> betrachtet werden. \u201eLernen\u201d wird verstanden als eine stetige Anpassung unseres Verhaltens an sich ver\u00e4ndernde Umst\u00e4nde.<\/p>\n<p>Viele Lernvorg\u00e4nge sind uns nicht bewusst, sie geschehen z.B. durch Gew\u00f6hnung und \u201ewie von selbst\u201d. Psychische Probleme und St\u00f6rungen k\u00f6nnen als ein &#8211; wenn auch ung\u00fcnstiger &#8211; Versuch betrachtet werden, mit Forderungen und \u00dcberforderungen der Umwelt zurechtzukommen. Eine Grundannahme der Verhaltenstherapie ist, dass dieses ung\u00fcnstige Verhalten erlernt wurde und daher auch durch neue Erfahrungen und durch Erlernen g\u00fcnstigerer Strategien wieder verlernt werden kann.<br \/>\nIn der Verhaltenstherapie stehen ganz besonders <strong><em>das aktuelle psychische Problem und seine Bew\u00e4ltigung im Vordergrund<\/em><\/strong>. Es werden Erkl\u00e4rungsmodelle erarbeitet und Sie haben die M\u00f6glichkeit, neue Denk- und Verhaltensweisen auszuprobieren, die mit angenehmerem F\u00fchlen und Empfinden einhergehen. Ber\u00fccksichtigt wird aber auch <strong><em>Ihre pers\u00f6nliche Lebensgeschichte<\/em><\/strong>, und die daraus f\u00fcr die Problematik relevanten Aspekte werden bearbeitet.<\/p>\n<p>Wissenschaftlich fundiert bedeutet, dass das Wissen \u00fcber die Diagnostik, den Verlauf, die Ursachen und die Behandlung spezifischer St\u00f6rungen und Probleme \u00a0umfassend beforscht wird und neue Erkenntnisse in der Ausbildung von Psychologen und Psychotherapeuten fortlaufend ber\u00fccksichtigt werden.<\/p>\n<p>Zu den Methoden geh\u00f6rt beispielsweise die <strong><em>Psychoedukation<\/em><\/strong>, d.h. Sie erhalten Informationen \u00fcber Ihre St\u00f6rung und deren Behandlungsm\u00f6glichkeiten oder bestimmte Zusammenh\u00e4nge. Auch <strong><em>Rollenspiele<\/em><\/strong> und <strong><em>Entspannungsverfahren<\/em><\/strong> (z.B. Progressive Muskelentspannung nach Jacobson, Autogenes Training, Phantasiereisen oder Achtsamkeits\u00fcbungen) k\u00f6nnen oftmals hilfreich sein. Ein <strong><em>Training sozialer Kompetenzen<\/em><\/strong> findet z.B. Anwendung, wenn Sie Schwierigkeiten im Umgang mit anderen Menschen haben, etwa schlecht nein sagen oder Grenzen setzen k\u00f6nnen. Selbstsicherheitstraining und Probleml\u00f6setraining k\u00f6nnen hier ebenfalls helfen. Das sog. <strong><em>Konfrontationsverfahren<\/em><\/strong> wird insbesondere bei \u00c4ngsten und Phobien eingesetzt, d.h. Sie k\u00f6nnen schrittweise lernen, mit gef\u00fcrchteten Situationen (z.B. Fliegen) oder Objekten (z.B. Hunden) umgehen zu lernen. Kognitive, also auf das Denken bezogene Techniken finden in der Therapie sehr h\u00e4ufig Anwendung, da wenig hilfreiche Gedanken und Gedankenmuster (z.B. \u201eIch schaffe das nicht\u201d, \u201eIch bin nicht liebenswert\u201d) bei vielen St\u00f6rungen und Problemen eine Rolle spielen. Sie werden also lernen, weniger hilfreiche Gedanken abzubauen, und den Selbstwert st\u00e4rkende, positivere Gedanken und Gedankenmuster aufzubauen.<\/p>\n<h4>Eigenverantwortung<\/h4>\n<p>Neben der Anwendung von Methoden spielt nat\u00fcrlich auch die <strong><em>Therapeut-Patient-Beziehung<\/em> <\/strong>eine entscheidende Rolle, d.h. Sie arbeiten gemeinsam mit mir an Ihren Zielen, die oft zu Beginn der Therapie erst einmal herausgearbeitet und auch im Laufe der Therapie immer wieder gekl\u00e4rt werden. Sie werden am therapeutischen Geschehen aktiv und eigenverantwortlich beteiligt. Schritte zur Ver\u00e4nderung werden immer wieder mit Ihnen besprochen und abgestimmt.<\/p>\n<p>Psychotherapie stellt einen <strong><em>sicheren Raum<\/em><\/strong> dar, indem Sie zun\u00e4chst neues Denken, F\u00fchlen und Verhalten erfahren und ausprobieren k\u00f6nnen. Zur langfristigen Problembew\u00e4ltigung ist es notwendig, dass <strong><em>Sie diese Erfahrungen in Ihren Alltag zu \u00fcbertragen lernen<\/em><\/strong>. Dies geschieht z.B. indem Sie motiviert und unterst\u00fctzt werden, die neu erworbenen F\u00e4higkeiten mit Hilfe von Therapieaufgaben zwischen den Sitzungen regelm\u00e4\u00dfig einzu\u00fcben und anzuwenden. Die Erfahrungen damit werden in der Sitzung reflektiert.<br \/>\nNeben der Verbesserung der Probleml\u00f6sestrategien in Bezug auf das aktuelle Problem versteht sich Verhaltenstherapie auch als <strong><em>\u201eHilfe zur Selbsthilfe\u201d<\/em><\/strong>, d.h. Ihnen werden allgemeine F\u00e4higkeiten zum Verstehen und Bew\u00e4ltigen zuk\u00fcnftiger Probleme an die Hand gegeben. Dadurch kann R\u00fcckf\u00e4llen und der Entstehung neuer Probleme und St\u00f6rungen vorgebeugt werden.<\/p>\n<p>Ich erg\u00e4nze das verhaltenstherapeutische Repertoire um Methoden der <strong>Speziellen Psychotraumatologie DeGPT<\/strong> (Deutschsprachige Gesellschaft f\u00fcr Psychotraumatherapie), <strong>EMDR<\/strong> (Eye Movement Desensitization and Reprocessing), \u00a0und <strong>hynotherapeutische Elemente<\/strong> (v.a. St\u00e4rkung der Ressourcen).<\/p>\n","protected":false},"excerpt":{"rendered":"","protected":false},"author":1,"featured_media":109,"parent":0,"menu_order":0,"comment_status":"closed","ping_status":"closed","template":"","meta":[],"_links":{"self":[{"href":"http:\/\/www.cigelski.com\/index.php?rest_route=\/wp\/v2\/pages\/6"}],"collection":[{"href":"http:\/\/www.cigelski.com\/index.php?rest_route=\/wp\/v2\/pages"}],"about":[{"href":"http:\/\/www.cigelski.com\/index.php?rest_route=\/wp\/v2\/types\/page"}],"author":[{"embeddable":true,"href":"http:\/\/www.cigelski.com\/index.php?rest_route=\/wp\/v2\/users\/1"}],"replies":[{"embeddable":true,"href":"http:\/\/www.cigelski.com\/index.php?rest_route=%2Fwp%2Fv2%2Fcomments&post=6"}],"version-history":[{"count":18,"href":"http:\/\/www.cigelski.com\/index.php?rest_route=\/wp\/v2\/pages\/6\/revisions"}],"predecessor-version":[{"id":222,"href":"http:\/\/www.cigelski.com\/index.php?rest_route=\/wp\/v2\/pages\/6\/revisions\/222"}],"wp:featuredmedia":[{"embeddable":true,"href":"http:\/\/www.cigelski.com\/index.php?rest_route=\/wp\/v2\/media\/109"}],"wp:attachment":[{"href":"http:\/\/www.cigelski.com\/index.php?rest_route=%2Fwp%2Fv2%2Fmedia&parent=6"}],"curies":[{"name":"wp","href":"https:\/\/api.w.org\/{rel}","templated":true}]}}