{"id":113,"date":"2014-04-06T19:11:57","date_gmt":"2014-04-06T19:11:57","guid":{"rendered":"http:\/\/www.iti-traumatherapie.de\/?page_id=113"},"modified":"2021-05-27T15:59:55","modified_gmt":"2021-05-27T15:59:55","slug":"modul-9","status":"publish","type":"page","link":"http:\/\/www.cigelski.com\/iti\/?page_id=113","title":{"rendered":"Modul 9"},"content":{"rendered":"<p><strong>Selbsterfahrung und Psychohygiene (10 UE)<\/strong> Dozentinnen: Sophia Cigelski; Wibke Voigt<br \/>\n27.08.2022 \u2022\u00a0 10 &#8211; 19:30 Uhr \u2022 160,00 EURO<\/p>\n<p><strong>Inhalt:<\/strong>\u00a0Selbstdiagnose Sekund\u00e4re Traumatisierung\/Mitgef\u00fchlsersch\u00f6pfung und pr\u00e4ventive Ma\u00dfnahmen, F\u00f6rderung der Resilienz, M\u00f6glichkeiten der Dosierung von Emphathie, Strategien zum Umgang mit belastenden \u00dcbertragungen\/Gegen\u00fcbertragungen. <a title=\"Anmeldung\" href=\"http:\/\/www.iti-traumatherapie.de\/?page_id=87\" target=\"_blank\" rel=\"noopener\"><em>Link zur Anmeldung<\/em><\/a><\/p>\n","protected":false},"excerpt":{"rendered":"<p>Selbsterfahrung und Psychohygiene (10 UE) Dozentinnen: Sophia Cigelski; Wibke Voigt 27.08.2022 \u2022\u00a0 10 &#8211; 19:30 Uhr \u2022 160,00 EURO Inhalt:\u00a0Selbstdiagnose Sekund\u00e4re Traumatisierung\/Mitgef\u00fchlsersch\u00f6pfung und pr\u00e4ventive Ma\u00dfnahmen, F\u00f6rderung der Resilienz, M\u00f6glichkeiten der Dosierung von Emphathie, Strategien zum Umgang mit belastenden \u00dcbertragungen\/Gegen\u00fcbertragungen. Link &hellip; <a href=\"http:\/\/www.cigelski.com\/iti\/?page_id=113\">Continue reading <span class=\"meta-nav\">&rarr;<\/span><\/a><\/p>\n","protected":false},"author":1,"featured_media":0,"parent":9,"menu_order":9,"comment_status":"closed","ping_status":"open","template":"","meta":[],"_links":{"self":[{"href":"http:\/\/www.cigelski.com\/iti\/index.php?rest_route=\/wp\/v2\/pages\/113"}],"collection":[{"href":"http:\/\/www.cigelski.com\/iti\/index.php?rest_route=\/wp\/v2\/pages"}],"about":[{"href":"http:\/\/www.cigelski.com\/iti\/index.php?rest_route=\/wp\/v2\/types\/page"}],"author":[{"embeddable":true,"href":"http:\/\/www.cigelski.com\/iti\/index.php?rest_route=\/wp\/v2\/users\/1"}],"replies":[{"embeddable":true,"href":"http:\/\/www.cigelski.com\/iti\/index.php?rest_route=%2Fwp%2Fv2%2Fcomments&post=113"}],"version-history":[{"count":18,"href":"http:\/\/www.cigelski.com\/iti\/index.php?rest_route=\/wp\/v2\/pages\/113\/revisions"}],"predecessor-version":[{"id":695,"href":"http:\/\/www.cigelski.com\/iti\/index.php?rest_route=\/wp\/v2\/pages\/113\/revisions\/695"}],"up":[{"embeddable":true,"href":"http:\/\/www.cigelski.com\/iti\/index.php?rest_route=\/wp\/v2\/pages\/9"}],"wp:attachment":[{"href":"http:\/\/www.cigelski.com\/iti\/index.php?rest_route=%2Fwp%2Fv2%2Fmedia&parent=113"}],"curies":[{"name":"wp","href":"https:\/\/api.w.org\/{rel}","templated":true}]}}