{"id":7,"date":"2014-02-18T20:07:00","date_gmt":"2014-02-18T20:07:00","guid":{"rendered":"http:\/\/www.iti-traumatherapie.de\/?page_id=7"},"modified":"2021-08-11T20:01:52","modified_gmt":"2021-08-11T20:01:52","slug":"ueber-uns","status":"publish","type":"page","link":"http:\/\/www.cigelski.com\/iti\/","title":{"rendered":"\u00dcber uns"},"content":{"rendered":"<p align=\"JUSTIFY\"><span style=\"font-family: Arial, sans-serif;\"><a href=\"http:\/\/www.cigelski.com:80\/iti\/wp-content\/uploads\/2015\/01\/IMG_1016.jpg\"><img loading=\"lazy\" class=\"size-medium wp-image-288 alignright\" src=\"http:\/\/www.cigelski.com:80\/iti\/wp-content\/uploads\/2015\/01\/IMG_1016-300x225.jpg\" alt=\"Sophia und Wiebke\" width=\"300\" height=\"225\" srcset=\"http:\/\/www.cigelski.com:80\/iti\/wp-content\/uploads\/2015\/01\/IMG_1016-300x225.jpg 300w, http:\/\/www.cigelski.com:80\/iti\/wp-content\/uploads\/2015\/01\/IMG_1016-1024x768.jpg 1024w, http:\/\/www.cigelski.com:80\/iti\/wp-content\/uploads\/2015\/01\/IMG_1016-150x112.jpg 150w, http:\/\/www.cigelski.com:80\/iti\/wp-content\/uploads\/2015\/01\/IMG_1016-320x240.jpg 320w\" sizes=\"(max-width: 300px) 100vw, 300px\" \/><\/a>Das Integrative Traumatherapie Institut wurde von Sophia Cigelski und Wibke Voigt gegr\u00fcndet und im Februar 2014 von der Deutschsprachigen Gesellschaft f\u00fcr Psychotraumatherapie (DeGPT) zertifiziert, nachdem wir von 2005-2014 das Curriculum \u201eSpezielle Psychotraumatherapie DeGPT\u201c an einem Ausbildungsinstitut in M\u00fcnster gegr\u00fcndet und j\u00e4hrlich durchgef\u00fchrt hatten.<\/span><\/p>\n<p align=\"JUSTIFY\"><span style=\"font-family: Arial, sans-serif;\">Das Institut hat das Ziel, die Behandlungsm\u00f6glichkeiten f\u00fcr psychisch traumatisierte Menschen zu verbessern und den Aufbau einer dem aktuellen Forschungsstand angemessenen Versorgung zu unterst\u00fctzen. Dies geschieht durch Fort- und Weiterbildungen von \u00c4rztlichen und Psychologischen PsychotherapeutInnen im Bereich der Psychotraumatologie.<\/span><\/p>\n<p align=\"JUSTIFY\"><span style=\"font-family: Arial, sans-serif;\">Die Seminare sind von der Psychotherapeutenkammer NRW akkreditiert (12 bzw. 20 Punkte).<\/span><\/p>\n<p align=\"JUSTIFY\"><span style=\"font-family: Arial, sans-serif;\">Das iTi kooperiert mit dem EMDR Institut Deutschland, das von Dr. Arne Hofmann 1992 gegr\u00fcndet wurde und von ihm und seiner Frau Dipl.-Psych. Ute Hofmann geleitet wird.<\/span><\/p>\n<p align=\"JUSTIFY\"><span style=\"font-family: Arial, sans-serif;\">Das Ausbildungsteam des iTi besteht aus im Bereich der Psychotraumatologie qualifizierten und darin langj\u00e4hrig t\u00e4tigen Psychologischen und \u00c4rztlichen PsychotherapeutInnen und sieht sich als ein lernendes Netzwerk von PsychotherapeutInnen, die im Bereich der Behandlung psychischer Traumata t\u00e4tig sind und ihr Wissen und ihre Erfahrungen an BehandlerInnen weitergeben m\u00f6chten.<\/span><\/p>\n<p align=\"JUSTIFY\"><span style=\"font-family: Arial, sans-serif;\">Im Zentrum steht die Vermittlung eines integrativen Therapieansatzes, der die Methodenvielfalt im Traumatherapiebereich auf optimale Weise miteinander kombiniert und die \u00fcbergeordneten jeweiligen Wirkfaktoren herausstellt. F\u00fcr uns sehr wichtig ist die integrierende, offene und respektvolle Haltung den unterschiedlichen Behandlungsm\u00f6glichkeiten gegen\u00fcber.<br \/>\nEs besteht die M\u00f6glichkeit die Zertifizierung &#8222;Spezielle Psychotraumatherapeutin DeGPT&#8220; zu erwerben, sowie die EMDR-KV-Abrechnungsgenehmigung, EMDR-Therapeut\/in (EMDRIA Deutschland) Europa-Zertifikat, als auch die Voraussetzung zur Arbeit f\u00fcr die Berufsgenossenschaften im sogenannten Psychotherapeutenverfahren (DGUV\/Psychotherapeutenverfahren).<\/span><\/p>\n<h3 align=\"JUSTIFY\"><span style=\"font-family: Arial, sans-serif;\"><b>Koordination, fachliche Leitung und Durchf\u00fchrung<\/b><\/span><\/h3>\n<p style=\"text-align: justify;\"><span style=\"font-family: Arial, sans-serif;\"><b>Sophia Cigelski<\/b><\/span><\/p>\n<p style=\"text-align: justify;\"><span style=\"font-family: Arial, sans-serif;\"><a href=\"http:\/\/www.cigelski.com:80\/iti\/wp-content\/uploads\/2014\/02\/Cigelski.jpg\" rel=\"attachment wp-att-32\"><img loading=\"lazy\" class=\" wp-image-32 alignright\" src=\"http:\/\/www.cigelski.com:80\/iti\/wp-content\/uploads\/2014\/02\/Cigelski-215x300.jpg\" alt=\"Cigelski\" width=\"141\" height=\"197\" srcset=\"http:\/\/www.cigelski.com:80\/iti\/wp-content\/uploads\/2014\/02\/Cigelski-215x300.jpg 215w, http:\/\/www.cigelski.com:80\/iti\/wp-content\/uploads\/2014\/02\/Cigelski.jpg 608w\" sizes=\"(max-width: 141px) 100vw, 141px\" \/><\/a>Psychologische Psychotherapeutin, Verhaltenstherapie, EMDR-Supervisorin seit 2004 (EMDRIA), EMDR-Gruppenleiterin (EMDR Facilitator) seit 2006 (EMDR Europe, EMDR Institut Deutschland), Dozentin u. Supervisorin an verschiedenen Ausbildungsinstituten, Spezielle Psychotraumatherapie (DeGPT), Supervisorin Verhaltenstherapie (Psychotherapeutenkammer, DGVT, DVT), Psychotherapeutische Praxis in M\u00fcnster mit traumatherapeutischem Schwerpunkt (Akuttrauma, Posttraumatische Belastungsst\u00f6rung, komplexe posttraumatische Belastungsst\u00f6rung, dissoziative St\u00f6rungen).<\/span><\/p>\n<p style=\"text-align: justify;\"><b>Dr. Wibke Voigt<\/b><\/p>\n<div id=\"attachment_400\" style=\"width: 181px\" class=\"wp-caption alignright\"><a href=\"http:\/\/www.cigelski.com:80\/iti\/wp-content\/uploads\/2016\/02\/dr.wibke-voigt-web-e1456001211881.jpg\" rel=\"attachment wp-att-400\"><img aria-describedby=\"caption-attachment-400\" loading=\"lazy\" class=\" wp-image-400\" src=\"http:\/\/www.cigelski.com:80\/iti\/wp-content\/uploads\/2016\/02\/dr.wibke-voigt-web-e1456001172655-300x256.jpg\" alt=\"Urheberrecht: Katholische Kliniken Ruhrhalbinsel\" width=\"171\" height=\"146\" \/><\/a><\/p>\n<p id=\"caption-attachment-400\" class=\"wp-caption-text\">Urheberrecht: Katholische Kliniken Ruhrhalbinsel<\/p>\n<\/div>\n<p style=\"text-align: justify;\">Fach\u00e4rztin f\u00fcr Psychiatrie und Psychotherapie; Chef\u00e4rztin der Fachklinik Kamillushaus in Essen, tiefenpsychologisch orientierte Psychotherapeutin, zertifizierte EMDR-Therapeutin, Dozentin u. Supervisorin \u201eSpezielle Psychotraumatherapie (DeGPT), erste weibliche Vorsitzende des Vorstands BUSS (Bundesverband f\u00fcr station\u00e4re Suchttherapie), Arbeitsschwerpunkt: Trauma und Sucht, komplexe posttraumatische Belastungsst\u00f6rungen, dissoziative St\u00f6rungen.<\/p>\n<h3 align=\"JUSTIFY\"><\/h3>\n<h3 align=\"JUSTIFY\">\u00a0<b>Dozenten<\/b><\/h3>\n<p style=\"text-align: justify;\"><strong>Prof. Dr. Frank Lasogga<\/strong><\/p>\n<p style=\"text-align: justify;\"><a href=\"http:\/\/www.cigelski.com:80\/iti\/wp-content\/uploads\/2016\/09\/Lasogga-3.jpg\" rel=\"attachment wp-att-487\"><img loading=\"lazy\" class=\" wp-image-487 alignright\" src=\"http:\/\/www.cigelski.com:80\/iti\/wp-content\/uploads\/2016\/09\/Lasogga-3-300x196.jpg\" alt=\"Lasogga\" width=\"210\" height=\"137\" srcset=\"http:\/\/www.cigelski.com:80\/iti\/wp-content\/uploads\/2016\/09\/Lasogga-3-300x196.jpg 300w, http:\/\/www.cigelski.com:80\/iti\/wp-content\/uploads\/2016\/09\/Lasogga-3-768x502.jpg 768w, http:\/\/www.cigelski.com:80\/iti\/wp-content\/uploads\/2016\/09\/Lasogga-3-1024x670.jpg 1024w, http:\/\/www.cigelski.com:80\/iti\/wp-content\/uploads\/2016\/09\/Lasogga-3-150x98.jpg 150w\" sizes=\"(max-width: 210px) 100vw, 210px\" \/><\/a>Seit 1975 Lehre und Forschung an der Universit\u00e4t Dortmund. Hauptarbeitsgebiet: Klinische Psychologie mit dem Schwerpunkt Notfallpsychologie (Psychische Erste Hilfe, Psychosoziale Notfallhilfe; Hilfen f\u00fcr Helfer etc.). Seit 1988 zahlreiche B\u00fccher und Artikel zur Notfallpsychologie.<\/p>\n<h3 align=\"JUSTIFY\"><\/h3>\n<h3 align=\"JUSTIFY\"><span style=\"font-family: Arial, sans-serif;\"><b>Kooperationspartner<\/b><\/span><\/h3>\n<p align=\"JUSTIFY\"><span style=\"font-family: Arial, sans-serif;\"><a href=\"http:\/\/www.cigelski.com:80\/iti\/wp-content\/uploads\/2014\/02\/Hofmann.jpg\" rel=\"attachment wp-att-33\"><img loading=\"lazy\" class=\" wp-image-33 alignright\" src=\"http:\/\/www.cigelski.com:80\/iti\/wp-content\/uploads\/2014\/02\/Hofmann-200x300.jpg\" alt=\"Hofmann\" width=\"157\" height=\"236\" srcset=\"http:\/\/www.cigelski.com:80\/iti\/wp-content\/uploads\/2014\/02\/Hofmann-200x300.jpg 200w, http:\/\/www.cigelski.com:80\/iti\/wp-content\/uploads\/2014\/02\/Hofmann-624x936.jpg 624w, http:\/\/www.cigelski.com:80\/iti\/wp-content\/uploads\/2014\/02\/Hofmann.jpg 640w\" sizes=\"(max-width: 157px) 100vw, 157px\" \/><\/a>Dr. med. Arne Hofmann, EMDR Institut Deutschland<\/span><br \/>\n<a title=\"Dr. Arne Hofmann\" href=\"http:\/\/www.emdr.de\/0300_hofmann\/index.php\" target=\"_blank\" rel=\"noopener\">Biographie<\/a><\/p>\n","protected":false},"excerpt":{"rendered":"<p>Das Integrative Traumatherapie Institut wurde von Sophia Cigelski und Wibke Voigt gegr\u00fcndet und im Februar 2014 von der Deutschsprachigen Gesellschaft f\u00fcr Psychotraumatherapie (DeGPT) zertifiziert, nachdem wir von 2005-2014 das Curriculum \u201eSpezielle Psychotraumatherapie DeGPT\u201c an einem Ausbildungsinstitut in M\u00fcnster gegr\u00fcndet und &hellip; <a href=\"http:\/\/www.cigelski.com\/iti\/\">Continue reading <span class=\"meta-nav\">&rarr;<\/span><\/a><\/p>\n","protected":false},"author":1,"featured_media":0,"parent":0,"menu_order":1,"comment_status":"closed","ping_status":"open","template":"","meta":[],"_links":{"self":[{"href":"http:\/\/www.cigelski.com\/iti\/index.php?rest_route=\/wp\/v2\/pages\/7"}],"collection":[{"href":"http:\/\/www.cigelski.com\/iti\/index.php?rest_route=\/wp\/v2\/pages"}],"about":[{"href":"http:\/\/www.cigelski.com\/iti\/index.php?rest_route=\/wp\/v2\/types\/page"}],"author":[{"embeddable":true,"href":"http:\/\/www.cigelski.com\/iti\/index.php?rest_route=\/wp\/v2\/users\/1"}],"replies":[{"embeddable":true,"href":"http:\/\/www.cigelski.com\/iti\/index.php?rest_route=%2Fwp%2Fv2%2Fcomments&post=7"}],"version-history":[{"count":60,"href":"http:\/\/www.cigelski.com\/iti\/index.php?rest_route=\/wp\/v2\/pages\/7\/revisions"}],"predecessor-version":[{"id":698,"href":"http:\/\/www.cigelski.com\/iti\/index.php?rest_route=\/wp\/v2\/pages\/7\/revisions\/698"}],"wp:attachment":[{"href":"http:\/\/www.cigelski.com\/iti\/index.php?rest_route=%2Fwp%2Fv2%2Fmedia&parent=7"}],"curies":[{"name":"wp","href":"https:\/\/api.w.org\/{rel}","templated":true}]}}